{"id":103,"date":"2023-06-26T11:36:14","date_gmt":"2023-06-26T09:36:14","guid":{"rendered":"http:\/\/pflege-maya.de\/?page_id=103"},"modified":"2023-08-14T08:53:09","modified_gmt":"2023-08-14T06:53:09","slug":"ueber-uns-2","status":"publish","type":"page","link":"https:\/\/pflege-maya.de\/?page_id=103","title":{"rendered":"\u00dcber uns"},"content":{"rendered":"<p>[et_pb_section fb_built=&#8220;1&#8243; admin_label=&#8220;Doctors&#8220; _builder_version=&#8220;4.21.0&#8243; background_enable_color=&#8220;off&#8220; custom_margin=&#8220;||3em||false|false&#8220; global_colors_info=&#8220;{}&#8220;][et_pb_row custom_padding_last_edited=&#8220;on|tablet&#8220; _builder_version=&#8220;4.21.0&#8243; custom_padding=&#8220;|||&#8220; custom_padding_tablet=&#8220;|||&#8220; custom_padding_phone=&#8220;30px||25px||false|false&#8220; global_colors_info=&#8220;{}&#8220;][et_pb_column type=&#8220;4_4&#8243; _builder_version=&#8220;4.16&#8243; custom_padding=&#8220;|||&#8220; global_colors_info=&#8220;{}&#8220; custom_padding__hover=&#8220;|||&#8220;][et_pb_text _builder_version=&#8220;4.21.0&#8243; text_font=&#8220;Montserrat|300|||||||&#8220; text_font_size=&#8220;16px&#8220; text_line_height=&#8220;1.8em&#8220; header_font=&#8220;||||||||&#8220; header_text_color=&#8220;#666666&#8243; header_font_size=&#8220;51px&#8220; header_2_font=&#8220;Montserrat|300|||||||&#8220; header_2_font_size=&#8220;40px&#8220; header_2_line_height=&#8220;1.5em&#8220; text_orientation=&#8220;center&#8220; max_width=&#8220;800px&#8220; module_alignment=&#8220;center&#8220; custom_margin=&#8220;|||&#8220; custom_margin_tablet=&#8220;0px|50px||50px&#8220; custom_margin_last_edited=&#8220;off|desktop&#8220; custom_padding=&#8220;|||&#8220; header_2_font_size_tablet=&#8220;&#8220; header_2_font_size_phone=&#8220;30px&#8220; header_2_font_size_last_edited=&#8220;on|phone&#8220; locked=&#8220;off&#8220; global_colors_info=&#8220;{}&#8220;]<\/p>\n<h1><strong>\u00dcber uns<\/strong><\/h1>\n<p>[\/et_pb_text][\/et_pb_column][\/et_pb_row][et_pb_row custom_padding_last_edited=&#8220;on|tablet&#8220; _builder_version=&#8220;4.21.0&#8243; custom_padding=&#8220;|||&#8220; custom_padding_tablet=&#8220;|||&#8220; custom_padding_phone=&#8220;0px||0px||false|false&#8220; global_colors_info=&#8220;{}&#8220;][et_pb_column type=&#8220;4_4&#8243; _builder_version=&#8220;4.16&#8243; custom_padding=&#8220;|||&#8220; global_colors_info=&#8220;{}&#8220; custom_padding__hover=&#8220;|||&#8220;][et_pb_text _builder_version=&#8220;4.21.0&#8243; _module_preset=&#8220;default&#8220; header_2_text_align=&#8220;center&#8220; header_2_font_size=&#8220;30px&#8220; header_2_line_height=&#8220;1.6em&#8220; header_3_text_align=&#8220;center&#8220; header_3_font_size=&#8220;23px&#8220; header_4_text_align=&#8220;center&#8220; header_4_text_color=&#8220;#666666&#8243; header_4_font_size=&#8220;30px&#8220; custom_margin_tablet=&#8220;&#8220; custom_margin_phone=&#8220;1em||2em||false|false&#8220; custom_margin_last_edited=&#8220;on|phone&#8220; header_2_font_size_tablet=&#8220;30px&#8220; header_2_font_size_phone=&#8220;20px&#8220; header_2_font_size_last_edited=&#8220;on|phone&#8220; header_3_font_size_tablet=&#8220;23px&#8220; header_3_font_size_phone=&#8220;18px&#8220; header_3_font_size_last_edited=&#8220;on|phone&#8220; global_colors_info=&#8220;{}&#8220;]<\/p>\n<h2><strong>Unsere Firmenphilosophie ist:<\/strong><\/h2>\n<h3>&#8222;Wir pflegen so wie wir selbst gepflegt werden wollen.&#8220;<\/h3>\n<p>[\/et_pb_text][\/et_pb_column][\/et_pb_row][et_pb_row column_structure=&#8220;3_5,2_5&#8243; custom_padding_last_edited=&#8220;on|phone&#8220; disabled_on=&#8220;on|on|off&#8220; _builder_version=&#8220;4.21.0&#8243; custom_padding=&#8220;|||&#8220; custom_padding_tablet=&#8220;100px||50px|&#8220; custom_padding_phone=&#8220;0px||0px||false|false&#8220; global_colors_info=&#8220;{}&#8220;][et_pb_column type=&#8220;3_5&#8243; _builder_version=&#8220;4.16&#8243; custom_padding=&#8220;|||&#8220; global_colors_info=&#8220;{}&#8220; custom_padding__hover=&#8220;|||&#8220;][et_pb_text _builder_version=&#8220;4.21.0&#8243; _module_preset=&#8220;default&#8220; global_colors_info=&#8220;{}&#8220;]<\/p>\n<p style=\"text-align: left;\"><span style=\"font-size: large;\">Der Maya Pflegedienst in Offenbach ist ein zugelassener ambulanter Pflegedienst und somit berechtigt, mit allen Kranken- und Pflegekassen sowie Sozial\u00e4mtern abzurechnen.<br \/><\/span><br \/><span style=\"font-size: large;\">Unser Team besteht aus Fachkr\u00e4ften der Bereiche Intensiv-, Kranken-, Altenpflege, Pflegeassistenten, Krankenpflegehelfern, Pflegehilfskr\u00e4ften und Hauswirtschaftern, die sich in folgenden Sprachen verst\u00e4ndigen k\u00f6nnen: deutsch, italienisch, rum\u00e4nisch und ungarisch.<\/span><\/p>\n<p><span style=\"font-size: large;\">Bei Beh\u00f6rdeng\u00e4ngen und dem Ausf\u00fcllen von Antr\u00e4gen stehen wir unseren Patienten und\/oder ihren Angeh\u00f6rigen gerne hilfreich zur Seite.<\/span><\/p>\n<p><span style=\"font-size: large;\">Das Pflegeteam wird von unserer Pflegedienstleitung (PDL) gef\u00fchrt, welche bereits \u00fcber 12 Jahre einschl\u00e4gige Berufserfahrung verf\u00fcgt. Mithilfe ihrer Expertise wurden moderne Pflegekonzepte erarbeitet. Mit unserer Ambulanten Pflege sorgen wir daf\u00fcr dass Sie oder Ihr Angeh\u00f6riger in den eigenen 4 W\u00e4nden wohnen kann.<\/span><\/p>\n<p><strong><span style=\"font-size: large;\">Maya 24\/7 Ambulanter Pflegedienst bedeutet Leidenschaft, Empathie und Engagement.<\/span><\/strong><\/p>\n<p>[\/et_pb_text][\/et_pb_column][et_pb_column type=&#8220;2_5&#8243; _builder_version=&#8220;4.16&#8243; custom_padding=&#8220;|||&#8220; global_colors_info=&#8220;{}&#8220; custom_padding__hover=&#8220;|||&#8220;][et_pb_image src=&#8220;https:\/\/pflege-maya.de\/wp-content\/uploads\/2023\/08\/Gruenderin-von-Maya-Pflegedienst-1.jpg&#8220; title_text=&#8220;Gr\u00fcnderin von Maya Pflegedienst&#8220; align=&#8220;center&#8220; _builder_version=&#8220;4.21.0&#8243; _module_preset=&#8220;default&#8220; hover_enabled=&#8220;0&#8243; border_radii=&#8220;off|40px||40px|&#8220; global_colors_info=&#8220;{}&#8220; sticky_enabled=&#8220;0&#8243;][\/et_pb_image][et_pb_text _builder_version=&#8220;4.21.0&#8243; text_font=&#8220;|300|||||||&#8220; header_font=&#8220;||||||||&#8220; header_2_font=&#8220;Montserrat|300|||||||&#8220; header_2_text_color=&#8220;#212d3b&#8220; header_2_font_size=&#8220;40px&#8220; header_2_line_height=&#8220;1.5em&#8220; header_3_font_size=&#8220;23px&#8220; text_orientation=&#8220;center&#8220; max_width=&#8220;700px&#8220; module_alignment=&#8220;center&#8220; custom_margin=&#8220;|||&#8220; custom_margin_tablet=&#8220;0px|50px||50px&#8220; custom_margin_last_edited=&#8220;off|desktop&#8220; custom_padding=&#8220;|||&#8220; locked=&#8220;off&#8220; global_colors_info=&#8220;{}&#8220;]<\/p>\n<h3><strong>Geanina Deaconu<\/strong><\/h3>\n<p>Gr\u00fcnderin vom Maya Pflegedienst<\/p>\n<p>[\/et_pb_text][\/et_pb_column][\/et_pb_row][et_pb_row column_structure=&#8220;2_5,3_5&#8243; custom_padding_last_edited=&#8220;on|phone&#8220; disabled_on=&#8220;off|off|on&#8220; _builder_version=&#8220;4.21.0&#8243; custom_padding=&#8220;|||&#8220; custom_padding_tablet=&#8220;100px||50px|&#8220; custom_padding_phone=&#8220;0px||0px||false|false&#8220; global_colors_info=&#8220;{}&#8220;][et_pb_column type=&#8220;2_5&#8243; _builder_version=&#8220;4.16&#8243; custom_padding=&#8220;|||&#8220; global_colors_info=&#8220;{}&#8220; custom_padding__hover=&#8220;|||&#8220;][et_pb_image src=&#8220;https:\/\/pflege-maya.de\/wp-content\/uploads\/2023\/08\/geanina_deaconu.jpg&#8220; title_text=&#8220;geanina_deaconu&#8220; align=&#8220;center&#8220; _builder_version=&#8220;4.21.0&#8243; _module_preset=&#8220;default&#8220; border_radii=&#8220;off|40px||40px|&#8220; global_colors_info=&#8220;{}&#8220;][\/et_pb_image][et_pb_text _builder_version=&#8220;4.21.0&#8243; text_font=&#8220;|300|||||||&#8220; header_font=&#8220;||||||||&#8220; header_2_font=&#8220;Montserrat|300|||||||&#8220; header_2_text_color=&#8220;#212d3b&#8220; header_2_font_size=&#8220;40px&#8220; header_2_line_height=&#8220;1.5em&#8220; header_3_font_size=&#8220;23px&#8220; text_orientation=&#8220;center&#8220; max_width=&#8220;700px&#8220; module_alignment=&#8220;center&#8220; custom_margin=&#8220;|||&#8220; custom_margin_tablet=&#8220;0px|50px||50px&#8220; custom_margin_last_edited=&#8220;off|desktop&#8220; custom_padding=&#8220;|||&#8220; locked=&#8220;off&#8220; global_colors_info=&#8220;{}&#8220;]<\/p>\n<h3><strong>Geanina Deaconu<\/strong><\/h3>\n<p>Gr\u00fcnderin vom Maya Pflegedienst<\/p>\n<p>[\/et_pb_text][\/et_pb_column][et_pb_column type=&#8220;3_5&#8243; _builder_version=&#8220;4.16&#8243; custom_padding=&#8220;|||&#8220; global_colors_info=&#8220;{}&#8220; custom_padding__hover=&#8220;|||&#8220;][et_pb_text _builder_version=&#8220;4.21.0&#8243; _module_preset=&#8220;default&#8220; custom_margin_tablet=&#8220;2em||||false|false&#8220; custom_margin_phone=&#8220;2em||||false|false&#8220; custom_margin_last_edited=&#8220;on|tablet&#8220; global_colors_info=&#8220;{}&#8220;]<\/p>\n<p>Der Maya Pflegedienst in Offenbach ist ein zugelassener ambulanter Pflegedienst und somit berechtigt, mit allen Kranken- und Pflegekassen sowie Sozial\u00e4mtern abzurechnen.<\/p>\n<p>Unser Team besteht aus Fachkr\u00e4ften der Bereiche Intensiv-, Kranken-, Altenpflege, Pflegeassistenten, Krankenpflegehelfern, Pflegehilfskr\u00e4ften und Hauswirtschaftern, die sich in folgenden Sprachen verst\u00e4ndigen k\u00f6nnen: deutsch, italienisch, rum\u00e4nisch und ungarisch.<\/p>\n<p>Bei Beh\u00f6rdeng\u00e4ngen und dem Ausf\u00fcllen von Antr\u00e4gen stehen wir unseren Patienten und\/oder ihren Angeh\u00f6rigen gerne hilfreich zur Seite.<\/p>\n<p>Das Pflegeteam wird von unserer Pflegedienstleitung (PDL) gef\u00fchrt, welche bereits \u00fcber 12 Jahre einschl\u00e4gige Berufserfahrung verf\u00fcgt. Mithilfe ihrer Expertise wurden moderne Pflegekonzepte erarbeitet. Mit unserer Ambulanten Pflege sorgen wir daf\u00fcr dass Sie oder Ihr Angeh\u00f6riger in den eigenen 4 W\u00e4nden wohnen kann.<\/p>\n<p>&nbsp;<\/p>\n<p><strong><span style=\"font-size: large;\">Maya 24\/7 Ambulanter Pflegedienst bedeutet Leidenschaft, Empathie und Engagement.<\/span><\/strong><\/p>\n<p>[\/et_pb_text][\/et_pb_column][\/et_pb_row][\/et_pb_section]<\/p>\n","protected":false},"excerpt":{"rendered":"<p>\u00dcber unsUnsere Firmenphilosophie ist: &#8222;Wir pflegen so wie wir selbst gepflegt werden wollen.&#8220;Der Maya Pflegedienst in Offenbach ist ein zugelassener ambulanter Pflegedienst und somit berechtigt, mit allen Kranken- und Pflegekassen sowie Sozial\u00e4mtern abzurechnen.Unser Team besteht aus Fachkr\u00e4ften der Bereiche Intensiv-, Kranken-, Altenpflege, Pflegeassistenten, Krankenpflegehelfern, Pflegehilfskr\u00e4ften und Hauswirtschaftern, die sich in folgenden Sprachen verst\u00e4ndigen k\u00f6nnen: deutsch, [&hellip;]<\/p>\n","protected":false},"author":1,"featured_media":0,"parent":0,"menu_order":0,"comment_status":"closed","ping_status":"closed","template":"","meta":{"_et_pb_use_builder":"on","_et_pb_old_content":"","_et_gb_content_width":"","footnotes":""},"class_list":["post-103","page","type-page","status-publish","hentry"],"_links":{"self":[{"href":"https:\/\/pflege-maya.de\/index.php?rest_route=\/wp\/v2\/pages\/103","targetHints":{"allow":["GET"]}}],"collection":[{"href":"https:\/\/pflege-maya.de\/index.php?rest_route=\/wp\/v2\/pages"}],"about":[{"href":"https:\/\/pflege-maya.de\/index.php?rest_route=\/wp\/v2\/types\/page"}],"author":[{"embeddable":true,"href":"https:\/\/pflege-maya.de\/index.php?rest_route=\/wp\/v2\/users\/1"}],"replies":[{"embeddable":true,"href":"https:\/\/pflege-maya.de\/index.php?rest_route=%2Fwp%2Fv2%2Fcomments&post=103"}],"version-history":[{"count":30,"href":"https:\/\/pflege-maya.de\/index.php?rest_route=\/wp\/v2\/pages\/103\/revisions"}],"predecessor-version":[{"id":716,"href":"https:\/\/pflege-maya.de\/index.php?rest_route=\/wp\/v2\/pages\/103\/revisions\/716"}],"wp:attachment":[{"href":"https:\/\/pflege-maya.de\/index.php?rest_route=%2Fwp%2Fv2%2Fmedia&parent=103"}],"curies":[{"name":"wp","href":"https:\/\/api.w.org\/{rel}","templated":true}]}}