{"id":135,"date":"2023-06-26T13:35:44","date_gmt":"2023-06-26T11:35:44","guid":{"rendered":"http:\/\/pflege-maya.de\/?page_id=135"},"modified":"2023-08-14T15:27:44","modified_gmt":"2023-08-14T13:27:44","slug":"behandlungspflege-sgb-v","status":"publish","type":"page","link":"https:\/\/pflege-maya.de\/?page_id=135","title":{"rendered":"Behandlungspflege SGB V"},"content":{"rendered":"<p>[et_pb_section fb_built=&#8220;1&#8243; admin_label=&#8220;Hero&#8220; _builder_version=&#8220;4.21.0&#8243; background_color=&#8220;#66ccff&#8220; use_background_color_gradient=&#8220;on&#8220; background_color_gradient_stops=&#8220;rgba(255,255,255,0) 0%|rgba(243, 251, 255, 0.08) 0%|#66ccff 100%&#8220; background_color_gradient_overlays_image=&#8220;on&#8220; background_color_gradient_start=&#8220;rgba(255,255,255,0)&#8220; background_color_gradient_end=&#8220;#66ccff&#8220; background_image=&#8220;https:\/\/pflege-maya.de\/wp-content\/uploads\/2023\/06\/AdobeStock_232417499-scaled.jpeg&#8220; custom_padding=&#8220;0|0px|0px|0px|false|false&#8220; bottom_divider_height=&#8220;0px&#8220; border_radii=&#8220;off|||30em|&#8220; border_width_bottom=&#8220;1px&#8220; border_color_bottom=&#8220;#efefef&#8220; box_shadow_style=&#8220;preset1&#8243; global_colors_info=&#8220;{}&#8220;][et_pb_row column_structure=&#8220;1_2,1_2&#8243; _builder_version=&#8220;4.16&#8243; width=&#8220;100%&#8220; max_width=&#8220;100%&#8220; custom_margin=&#8220;|||&#8220; custom_margin_tablet=&#8220;||0px|&#8220; custom_margin_phone=&#8220;&#8220; custom_margin_last_edited=&#8220;on|desktop&#8220; custom_padding=&#8220;0|0px|0px|0px|false|false&#8220; use_custom_width=&#8220;on&#8220; width_unit=&#8220;off&#8220; custom_width_percent=&#8220;100%&#8220; global_colors_info=&#8220;{}&#8220;][et_pb_column type=&#8220;1_2&#8243; _builder_version=&#8220;4.16&#8243; custom_padding=&#8220;6%||6%|12%&#8220; custom_padding_tablet=&#8220;50px|50px|50px|50px&#8220; custom_padding_phone=&#8220;&#8220; custom_padding_last_edited=&#8220;on|tablet&#8220; global_colors_info=&#8220;{}&#8220; padding_tablet=&#8220;50px|50px|50px|50px&#8220; padding_last_edited=&#8220;on|tablet&#8220; custom_padding__hover=&#8220;|||&#8220; padding_phone=&#8220;50px|50px|50px|50px&#8220;][et_pb_text _builder_version=&#8220;4.16&#8243; text_font=&#8220;Montserrat|300|||||||&#8220; text_text_color=&#8220;#ffffff&#8220; text_font_size=&#8220;16px&#8220; text_line_height=&#8220;1.8em&#8220; header_font=&#8220;Montserrat||||||||&#8220; header_font_size=&#8220;50px&#8220; header_line_height=&#8220;1.3em&#8220; header_2_font=&#8220;||||||||&#8220; max_width=&#8220;600px&#8220; min_height=&#8220;134px&#8220; custom_margin=&#8220;|||&#8220; custom_margin_tablet=&#8220;0px|50px||50px&#8220; custom_margin_phone=&#8220;|20px||&#8220; custom_margin_last_edited=&#8220;off|desktop&#8220; custom_padding=&#8220;|0px||||&#8220; text_line_height_tablet=&#8220;1.8em&#8220; text_line_height_phone=&#8220;1.8em&#8220; text_line_height_last_edited=&#8220;on|phone&#8220; header_font_size_tablet=&#8220;&#8220; header_font_size_phone=&#8220;36px&#8220; header_font_size_last_edited=&#8220;on|phone&#8220; header_2_font_size_phone=&#8220;30px&#8220; header_2_font_size_last_edited=&#8220;off|desktop&#8220; locked=&#8220;off&#8220; global_colors_info=&#8220;{}&#8220;]<\/p>\n<h1><span style=\"color: #ffffff;\"><strong>Behandlungspflege SGB V<\/strong><\/span><\/h1>\n<p>[\/et_pb_text][\/et_pb_column][et_pb_column type=&#8220;1_2&#8243; _builder_version=&#8220;4.16&#8243; custom_padding=&#8220;|||&#8220; global_colors_info=&#8220;{}&#8220; custom_padding__hover=&#8220;|||&#8220;][\/et_pb_column][\/et_pb_row][\/et_pb_section][et_pb_section fb_built=&#8220;1&#8243; _builder_version=&#8220;4.16&#8243; custom_padding=&#8220;|0px|0px|0px|false|false&#8220; locked=&#8220;off&#8220; global_colors_info=&#8220;{}&#8220;][et_pb_row _builder_version=&#8220;4.16&#8243; _module_preset=&#8220;default&#8220; global_colors_info=&#8220;{}&#8220;][et_pb_column type=&#8220;4_4&#8243; _builder_version=&#8220;4.16&#8243; _module_preset=&#8220;default&#8220; global_colors_info=&#8220;{}&#8220;][et_pb_text _builder_version=&#8220;4.16&#8243; _module_preset=&#8220;default&#8220; text_font_size=&#8220;40px&#8220; text_line_height=&#8220;1.8em&#8220; header_2_font_size=&#8220;33px&#8220; global_colors_info=&#8220;{}&#8220;]<\/p>\n<p><strong>Leistungen der<\/strong><br \/> <strong> Behandlungspflege nach SGB V<\/strong><\/p>\n<p>[\/et_pb_text][et_pb_text _builder_version=&#8220;4.16&#8243; _module_preset=&#8220;default&#8220; text_font_size=&#8220;19px&#8220; global_colors_info=&#8220;{}&#8220;]<\/p>\n<p><span style=\"font-size: large;\"><strong>Behandlungspflege bezeichnet Hilfeleistungen, welche zur der Behandlung der Krankheit vom Arzt verordnet, aber von ihm selbst nicht erbracht werden.<\/strong><\/span><\/p>\n<p>[\/et_pb_text][\/et_pb_column][\/et_pb_row][et_pb_row _builder_version=&#8220;4.21.0&#8243; _module_preset=&#8220;default&#8220; global_colors_info=&#8220;{}&#8220;][et_pb_column type=&#8220;4_4&#8243; _builder_version=&#8220;4.16&#8243; _module_preset=&#8220;default&#8220; global_colors_info=&#8220;{}&#8220;][et_pb_image src=&#8220;https:\/\/pflege-maya.de\/wp-content\/uploads\/2023\/07\/SGB-V-Kachel.jpg&#8220; title_text=&#8220;SGB V Kachel&#8220; _builder_version=&#8220;4.21.0&#8243; _module_preset=&#8220;default&#8220; width=&#8220;50%&#8220; border_radii=&#8220;on|1em|1em|1em|1em&#8220; global_colors_info=&#8220;{}&#8220;][\/et_pb_image][\/et_pb_column][\/et_pb_row][et_pb_row _builder_version=&#8220;4.21.0&#8243; _module_preset=&#8220;default&#8220; min_height=&#8220;437px&#8220; custom_margin=&#8220;|auto|1em|auto|false|false&#8220; hover_enabled=&#8220;0&#8243; global_colors_info=&#8220;{}&#8220; sticky_enabled=&#8220;0&#8243;][et_pb_column type=&#8220;4_4&#8243; _builder_version=&#8220;4.16&#8243; _module_preset=&#8220;default&#8220; global_colors_info=&#8220;{}&#8220;][et_pb_text _builder_version=&#8220;4.21.0&#8243; _module_preset=&#8220;default&#8220; text_font_size=&#8220;19px&#8220; text_line_height=&#8220;3em&#8220; header_font_size=&#8220;1px&#8220; hover_enabled=&#8220;0&#8243; global_colors_info=&#8220;{}&#8220; custom_css_before=&#8220;li||{||  line-height: 150%;||}&#8220; sticky_enabled=&#8220;0&#8243; custom_css_main_element=&#8220;li||{||  line-height: 150%;||}&#8220;]<\/p>\n<ul>\n<li style=\"padding-left: 30px;\">Vorbereiten und Verabreichen von Medikamenten<\/li>\n<li style=\"padding-left: 30px;\">Blutdruck- und Blutzuckermessung<\/li>\n<li style=\"padding-left: 30px;\">Injektionen: intramuskul\u00e4r (Abk\u00fcrzung: i. m.) und subkutan (Abk\u00fcrzung: s. c.),<br \/>zum Beispiel Insulinspritzen bei Diabetikern oder Thrombosespritzen nach einer Operation<\/li>\n<li style=\"padding-left: 30px;\">Wundversorgung<a href=\"https:\/\/www.pflege.de\/krankheiten\/chronische-wunde\/wundmanagement-wundversorgung\/\"><\/a> und Wechsel des Verbandsmaterials<a href=\"https:\/\/www.pflege.de\/krankheiten\/chronische-wunde\/verbandsmaterial-wundauflagen\/\"><\/a><\/li>\n<li style=\"padding-left: 30px;\">St\u00fctzende und stabilisierende Verb\u00e4nde anlegen (Kompressionsverb\u00e4nde)<\/li>\n<li style=\"padding-left: 30px;\">Kompressionsstr\u00fcmpfe an- und ausziehen<\/li>\n<li style=\"padding-left: 30px;\">Behandlung eines Dekubitus<\/li>\n<li style=\"padding-left: 30px;\">Portversorgung<\/li>\n<li style=\"padding-left: 30px;\">Absaugen der oberen Luftwege durch Mund und Nase<\/li>\n<li style=\"padding-left: 30px;\">Inhalation<\/li>\n<li style=\"padding-left: 30px;\">Stomaversorgung<\/li>\n<li style=\"padding-left: 30px;\">Versorgung von Ern\u00e4hrungssonden bei enteraler Ern\u00e4hrung<\/li>\n<li style=\"padding-left: 30px;\">Katheterpflege von harnableitenden Kathetern<\/li>\n<li style=\"padding-left: 30px;\">Katheterwechsel von Blasendauerkathetern und Blasensp\u00fclung<\/li>\n<\/ul>\n<p>[\/et_pb_text][\/et_pb_column][\/et_pb_row][\/et_pb_section][et_pb_section fb_built=&#8220;1&#8243; _builder_version=&#8220;4.16&#8243; _module_preset=&#8220;default&#8220; custom_margin=&#8220;-4em||||false|false&#8220; custom_padding=&#8220;18px|||||&#8220; global_colors_info=&#8220;{}&#8220;][et_pb_row _builder_version=&#8220;4.16&#8243; _module_preset=&#8220;default&#8220; global_colors_info=&#8220;{}&#8220;][et_pb_column type=&#8220;4_4&#8243; _builder_version=&#8220;4.16&#8243; _module_preset=&#8220;default&#8220; global_colors_info=&#8220;{}&#8220;][et_pb_image src=&#8220;https:\/\/pflege-maya.de\/wp-content\/uploads\/2023\/07\/Kostenfreies-Beratungsgespraech.png&#8220; title_text=&#8220;Kostenfreies Beratungsgespr\u00e4ch&#8220; align=&#8220;center&#8220; _builder_version=&#8220;4.21.0&#8243; _module_preset=&#8220;default&#8220; global_colors_info=&#8220;{}&#8220;][\/et_pb_image][\/et_pb_column][\/et_pb_row][et_pb_row _builder_version=&#8220;4.16&#8243; _module_preset=&#8220;default&#8220; custom_margin=&#8220;||3em||false|false&#8220; custom_padding=&#8220;3px|||||&#8220; global_colors_info=&#8220;{}&#8220;][et_pb_column type=&#8220;4_4&#8243; _builder_version=&#8220;4.16&#8243; _module_preset=&#8220;default&#8220; global_colors_info=&#8220;{}&#8220;][et_pb_text _builder_version=&#8220;4.16&#8243; _module_preset=&#8220;default&#8220; header_2_font_size=&#8220;33px&#8220; global_colors_info=&#8220;{}&#8220;]<\/p>\n<h2><span style=\"color: #666666;\"><strong>Kostenlose Erstberatung<\/strong><\/span><\/h2>\n<p>[\/et_pb_text][et_pb_text _builder_version=&#8220;4.21.0&#8243; _module_preset=&#8220;default&#8220; text_font_size=&#8220;19px&#8220; global_colors_info=&#8220;{}&#8220;]<\/p>\n<p style=\"text-align: justify;\">Sie erhalten bei uns eine kostenlose Erstberatung. Sie schildern uns die derzeitige Pflegesituation und wir schlagen Ihnen im Anschluss vor welche Pflegeleistungen Sie beantragen m\u00fcssen. Wir sagen Ihnen auch wo Sie das beantragen m\u00fcssen und welche Schritte noch zu tun sind.<\/p>\n<p>[\/et_pb_text][et_pb_text _builder_version=&#8220;4.21.0&#8243; _module_preset=&#8220;default&#8220; text_text_color=&#8220;#666666&#8243; custom_padding=&#8220;||0px|||&#8220; global_colors_info=&#8220;{}&#8220;]<\/p>\n<h2><span style=\"color: #666666;\">Terminvereinbarung: 069 \/ 38 07 95 402<\/span><\/h2>\n<p>[\/et_pb_text][et_pb_button button_url=&#8220;@ET-DC@eyJkeW5hbWljIjp0cnVlLCJjb250ZW50IjoicG9zdF9saW5rX3VybF9wYWdlIiwic2V0dGluZ3MiOnsicG9zdF9pZCI6IjM2MCJ9fQ==@&#8220; button_text=&#8220;Zu der Leistungs\u00fcbersicht&#8220; _builder_version=&#8220;4.21.0&#8243; _dynamic_attributes=&#8220;button_url&#8220; _module_preset=&#8220;default&#8220; custom_button=&#8220;on&#8220; button_text_color=&#8220;#ffffff&#8220; button_bg_color=&#8220;#66ccff&#8220; button_border_width=&#8220;0px&#8220; button_border_color=&#8220;#ffffff&#8220; button_border_radius=&#8220;100px&#8220; button_font=&#8220;|600|||||||&#8220; custom_padding=&#8220;0.5em|1.5em|0.5em|1.5em|true|true&#8220; global_module=&#8220;517&#8243; saved_tabs=&#8220;all&#8220; global_colors_info=&#8220;{}&#8220;][\/et_pb_button][\/et_pb_column][\/et_pb_row][\/et_pb_section]<\/p>\n","protected":false},"excerpt":{"rendered":"<p>Behandlungspflege SGB VLeistungen der Behandlungspflege nach SGB VBehandlungspflege bezeichnet Hilfeleistungen, welche zur der Behandlung der Krankheit vom Arzt verordnet, aber von ihm selbst nicht erbracht werden. Vorbereiten und Verabreichen von Medikamenten Blutdruck- und Blutzuckermessung Injektionen: intramuskul\u00e4r (Abk\u00fcrzung: i. m.) und subkutan (Abk\u00fcrzung: s. c.),zum Beispiel Insulinspritzen bei Diabetikern oder Thrombosespritzen nach einer Operation Wundversorgung und [&hellip;]<\/p>\n","protected":false},"author":1,"featured_media":0,"parent":0,"menu_order":0,"comment_status":"closed","ping_status":"closed","template":"","meta":{"_et_pb_use_builder":"on","_et_pb_old_content":"","_et_gb_content_width":"","footnotes":""},"class_list":["post-135","page","type-page","status-publish","hentry"],"_links":{"self":[{"href":"https:\/\/pflege-maya.de\/index.php?rest_route=\/wp\/v2\/pages\/135","targetHints":{"allow":["GET"]}}],"collection":[{"href":"https:\/\/pflege-maya.de\/index.php?rest_route=\/wp\/v2\/pages"}],"about":[{"href":"https:\/\/pflege-maya.de\/index.php?rest_route=\/wp\/v2\/types\/page"}],"author":[{"embeddable":true,"href":"https:\/\/pflege-maya.de\/index.php?rest_route=\/wp\/v2\/users\/1"}],"replies":[{"embeddable":true,"href":"https:\/\/pflege-maya.de\/index.php?rest_route=%2Fwp%2Fv2%2Fcomments&post=135"}],"version-history":[{"count":42,"href":"https:\/\/pflege-maya.de\/index.php?rest_route=\/wp\/v2\/pages\/135\/revisions"}],"predecessor-version":[{"id":721,"href":"https:\/\/pflege-maya.de\/index.php?rest_route=\/wp\/v2\/pages\/135\/revisions\/721"}],"wp:attachment":[{"href":"https:\/\/pflege-maya.de\/index.php?rest_route=%2Fwp%2Fv2%2Fmedia&parent=135"}],"curies":[{"name":"wp","href":"https:\/\/api.w.org\/{rel}","templated":true}]}}