{"id":262,"date":"2023-06-27T15:50:51","date_gmt":"2023-06-27T13:50:51","guid":{"rendered":"http:\/\/pflege-maya.de\/?page_id=262"},"modified":"2023-08-01T13:23:13","modified_gmt":"2023-08-01T11:23:13","slug":"grundpflege-sgb-xi","status":"publish","type":"page","link":"https:\/\/pflege-maya.de\/?page_id=262","title":{"rendered":"Grundpflege SGB XI"},"content":{"rendered":"<p>[et_pb_section fb_built=&#8220;1&#8243; admin_label=&#8220;Hero&#8220; _builder_version=&#8220;4.21.0&#8243; background_color=&#8220;#66ccff&#8220; use_background_color_gradient=&#8220;on&#8220; background_color_gradient_stops=&#8220;rgba(255,255,255,0) 31%|#66ccff 99%&#8220; background_color_gradient_overlays_image=&#8220;on&#8220; background_image=&#8220;https:\/\/pflege-maya.de\/wp-content\/uploads\/2023\/07\/Grundpflege_Header_wr.jpg&#8220; custom_padding=&#8220;0|0px|0px|0px|false|false&#8220; bottom_divider_height=&#8220;0px&#8220; border_radii=&#8220;off|||30em|&#8220; border_width_bottom=&#8220;1px&#8220; border_color_bottom=&#8220;#efefef&#8220; box_shadow_style=&#8220;preset1&#8243; global_colors_info=&#8220;{}&#8220;][et_pb_row column_structure=&#8220;1_2,1_2&#8243; _builder_version=&#8220;4.16&#8243; width=&#8220;100%&#8220; max_width=&#8220;100%&#8220; custom_margin=&#8220;|||&#8220; custom_margin_tablet=&#8220;||0px|&#8220; custom_margin_phone=&#8220;&#8220; custom_margin_last_edited=&#8220;on|desktop&#8220; custom_padding=&#8220;0|0px|0px|0px|false|false&#8220; use_custom_width=&#8220;on&#8220; width_unit=&#8220;off&#8220; custom_width_percent=&#8220;100%&#8220; global_colors_info=&#8220;{}&#8220;][et_pb_column type=&#8220;1_2&#8243; _builder_version=&#8220;4.16&#8243; custom_padding=&#8220;6%||6%|12%&#8220; custom_padding_tablet=&#8220;50px|50px|50px|50px&#8220; custom_padding_phone=&#8220;&#8220; custom_padding_last_edited=&#8220;on|tablet&#8220; global_colors_info=&#8220;{}&#8220; padding_tablet=&#8220;50px|50px|50px|50px&#8220; padding_last_edited=&#8220;on|tablet&#8220; custom_padding__hover=&#8220;|||&#8220; padding_phone=&#8220;50px|50px|50px|50px&#8220;][et_pb_text _builder_version=&#8220;4.21.0&#8243; text_font=&#8220;Montserrat|300|||||||&#8220; text_text_color=&#8220;#FFFFFF&#8220; text_font_size=&#8220;16px&#8220; text_line_height=&#8220;1.8em&#8220; header_font=&#8220;Montserrat||||||||&#8220; header_font_size=&#8220;50px&#8220; header_line_height=&#8220;1.3em&#8220; header_2_font=&#8220;||||||||&#8220; max_width=&#8220;600px&#8220; min_height=&#8220;134px&#8220; custom_margin=&#8220;|||&#8220; custom_margin_tablet=&#8220;0px|50px||50px&#8220; custom_margin_phone=&#8220;|20px||&#8220; custom_margin_last_edited=&#8220;off|desktop&#8220; custom_padding=&#8220;|0px||||&#8220; text_line_height_tablet=&#8220;1.8em&#8220; text_line_height_phone=&#8220;1.8em&#8220; text_line_height_last_edited=&#8220;on|phone&#8220; header_font_size_tablet=&#8220;&#8220; header_font_size_phone=&#8220;36px&#8220; header_font_size_last_edited=&#8220;on|phone&#8220; header_2_font_size_phone=&#8220;30px&#8220; header_2_font_size_last_edited=&#8220;off|desktop&#8220; locked=&#8220;off&#8220; global_colors_info=&#8220;{}&#8220;]<\/p>\n<h1><strong><span style=\"color: #ffffff;\">Grundpflege SGB XI<\/span><br \/><\/strong><\/h1>\n<p>[\/et_pb_text][\/et_pb_column][et_pb_column type=&#8220;1_2&#8243; _builder_version=&#8220;4.16&#8243; custom_padding=&#8220;|||&#8220; global_colors_info=&#8220;{}&#8220; custom_padding__hover=&#8220;|||&#8220;][\/et_pb_column][\/et_pb_row][\/et_pb_section][et_pb_section fb_built=&#8220;1&#8243; _builder_version=&#8220;4.16&#8243; custom_padding=&#8220;|0px|0px|0px|false|false&#8220; locked=&#8220;off&#8220; global_colors_info=&#8220;{}&#8220;][et_pb_row _builder_version=&#8220;4.16&#8243; _module_preset=&#8220;default&#8220; global_colors_info=&#8220;{}&#8220;][et_pb_column type=&#8220;4_4&#8243; _builder_version=&#8220;4.16&#8243; _module_preset=&#8220;default&#8220; global_colors_info=&#8220;{}&#8220;][et_pb_text _builder_version=&#8220;4.21.0&#8243; _module_preset=&#8220;default&#8220; text_font_size=&#8220;40px&#8220; text_line_height=&#8220;1.8em&#8220; header_2_font_size=&#8220;33px&#8220; global_colors_info=&#8220;{}&#8220;]<\/p>\n<p><strong>Leistungen der<\/strong><br \/><strong> Grundpflege nach SGB XI<\/strong><\/p>\n<p>[\/et_pb_text][et_pb_text _builder_version=&#8220;4.16&#8243; _module_preset=&#8220;default&#8220; text_font_size=&#8220;19px&#8220; global_colors_info=&#8220;{}&#8220;]<\/p>\n<p><span style=\"font-size: large;\"><strong>Behandlungspflege bezeichnet Hilfeleistungen, welche zu der Behandlung der Krankheit vom Arzt verordnet, aber von ihm selbst nicht erbracht werden.<\/strong><\/span><\/p>\n<p>[\/et_pb_text][\/et_pb_column][\/et_pb_row][et_pb_row _builder_version=&#8220;4.16&#8243; _module_preset=&#8220;default&#8220; global_colors_info=&#8220;{}&#8220;][et_pb_column type=&#8220;4_4&#8243; _builder_version=&#8220;4.16&#8243; _module_preset=&#8220;default&#8220; global_colors_info=&#8220;{}&#8220;][et_pb_image src=&#8220;https:\/\/pflege-maya.de\/wp-content\/uploads\/2023\/06\/Grundpflege_w.jpg&#8220; title_text=&#8220;Grundpflege_w&#8220; _builder_version=&#8220;4.21.0&#8243; _module_preset=&#8220;default&#8220; width=&#8220;50%&#8220; border_radii=&#8220;on|1em|1em|1em|1em&#8220; global_colors_info=&#8220;{}&#8220;][\/et_pb_image][\/et_pb_column][\/et_pb_row][et_pb_row _builder_version=&#8220;4.16&#8243; _module_preset=&#8220;default&#8220; min_height=&#8220;437px&#8220; custom_margin=&#8220;|auto|1em|auto|false|false&#8220; global_colors_info=&#8220;{}&#8220;][et_pb_column type=&#8220;4_4&#8243; _builder_version=&#8220;4.16&#8243; _module_preset=&#8220;default&#8220; global_colors_info=&#8220;{}&#8220;][et_pb_text _builder_version=&#8220;4.21.0&#8243; _module_preset=&#8220;default&#8220; text_font_size=&#8220;19px&#8220; text_line_height=&#8220;3em&#8220; header_font_size=&#8220;1px&#8220; global_colors_info=&#8220;{}&#8220;]<\/p>\n<p><b><\/b><\/p>\n<ul>\n<li><b>Ern\u00e4hrung:<\/b> Nahrungs- und Fl\u00fcssigkeitszufuhr, sowie Hilfe bei der Ern\u00e4hrung \u00fcber eine Magensonde oder endoskopische Gastrostomie, kurz PEG oder Jejunostomie.<\/li>\n<li><b>K\u00f6rperpflege:<\/b> Baden, Duschen oder Waschen. Au\u00dferdem Mundpflege, Zahnpflege, Lippenpflege und Hautpflege, sowie Rasur bzw. rasieren, Haarpflege und Nagelpflege. Zus\u00e4tzlich f\u00e4llt auch die Pflege einer Augenprothese in diesen Bereich.<\/li>\n<li><b>Toiletteng\u00e4nge:<\/b> Hilfe beim Ausscheiden und der anschlie\u00dfenden Beseitigung von Urin, Stuhl, Sputum, Mageninhalt oder Schwei\u00df. Hilfe bei der Verwendung von\u00a0Inkontinenzmaterial\u00a0bei\u00a0Inkontinenz, wie etwa\u00a0Windeln f\u00fcr Erwachsene\u00a0oder\u00a0Inkontinenzeinlagen. Au\u00dferdem Hilfe bei der Reinigung eines Katheters, Wechsel der Katheterbeutel und Reinigung bzw. Versorgung eines Urostoma oder Enterostoma. Zus\u00e4tzlich Kontinenztraining und Toilettentraining.<\/li>\n<li><b>Mobilit\u00e4t: <\/b>Erweiterte Mobilit\u00e4tshilfe und Verbesserung der Mobilit\u00e4t im Rahmen der aktivierenden Pflege. Darunter f\u00e4llt Hilfe beim Aufstehen aus dem Sitzen oder Liegen, beim Gehen, Stehen, Treppensteigen, Hinsetzen, Umsetzen, generellen Transfer, Betten eines bewegungsunf\u00e4higen Patienten und beim Hinlegen. Au\u00dferdem Assistenz bei allgemeinen Bewegungs\u00fcbungen.<\/li>\n<li><b>An- und Auskleiden:<\/b> Vorbereitung der Kleidung, Hilfe beim Anziehen und Ausziehen der Kleidungsst\u00fccke, sowie von Str\u00fcmpfen, Strumpfhosen und Bandagen. Zudem An- und Ablegen von Prothesen oder Orthese und von St\u00fctzkorsetts, Bruchb\u00e4ndern und \u00c4hnlichem.<\/li>\n<li><b>Krankenbeobachtung:<\/b> Dekubitusprophylaxe, sofern noch kein\u00a0Dekubitus\u00a0vorhanden ist. Pflegerische Prophylaxe zur Vorbeugung von\u00a0Thrombosen, Kontrakturen, Obstipation, Parotitis, Hornhautaustrocknung, Pneumonie bzw. Lungenentz\u00fcndung, Soor oder Intertrigo. Pflegerische Lagerung, wie Flachlagerung, Bauchlagerung, Beintieflagerung, Beinhochlagerung, Oberk\u00f6rperhochlagerung, Seitenlagerung. Falls notwendig Verwendung von Lagerungshilfen.<\/li>\n<\/ul>\n<p>[\/et_pb_text][\/et_pb_column][\/et_pb_row][\/et_pb_section][et_pb_section fb_built=&#8220;1&#8243; _builder_version=&#8220;4.16&#8243; _module_preset=&#8220;default&#8220; custom_margin=&#8220;-4em||||false|false&#8220; global_colors_info=&#8220;{}&#8220; custom_padding=&#8220;15px|||||&#8220;][et_pb_row _builder_version=&#8220;4.16&#8243; _module_preset=&#8220;default&#8220; global_colors_info=&#8220;{}&#8220;][et_pb_column type=&#8220;4_4&#8243; _builder_version=&#8220;4.16&#8243; _module_preset=&#8220;default&#8220; global_colors_info=&#8220;{}&#8220;][et_pb_image src=&#8220;https:\/\/pflege-maya.de\/wp-content\/uploads\/2023\/07\/Kostenfreies-Beratungsgespraech.png&#8220; title_text=&#8220;Kostenfreies Beratungsgespr\u00e4ch&#8220; align=&#8220;center&#8220; _builder_version=&#8220;4.21.0&#8243; _module_preset=&#8220;default&#8220; global_colors_info=&#8220;{}&#8220;][\/et_pb_image][\/et_pb_column][\/et_pb_row][et_pb_row _builder_version=&#8220;4.16&#8243; _module_preset=&#8220;default&#8220; custom_margin=&#8220;||3em||false|false&#8220; global_colors_info=&#8220;{}&#8220;][et_pb_column type=&#8220;4_4&#8243; _builder_version=&#8220;4.16&#8243; _module_preset=&#8220;default&#8220; global_colors_info=&#8220;{}&#8220;][et_pb_text _builder_version=&#8220;4.21.0&#8243; _module_preset=&#8220;default&#8220; text_text_color=&#8220;#EDF000&#8243; header_2_font_size=&#8220;33px&#8220; global_colors_info=&#8220;{}&#8220; custom_margin=&#8220;-19px|||||&#8220;]<\/p>\n<h2><span style=\"color: #666666;\"><strong>Kostenlose Erstberatung<\/strong><\/span><\/h2>\n<p>[\/et_pb_text][et_pb_text _builder_version=&#8220;4.16&#8243; _module_preset=&#8220;default&#8220; text_font_size=&#8220;19px&#8220; global_colors_info=&#8220;{}&#8220;]<\/p>\n<p style=\"text-align: justify;\">Sie erhalten bei uns eine kostenlose Erstberatung. Sie schildern uns die derzeitige Pflegesituation und wir schlagen Ihnen im Anschluss vor welche Pflegeleistungen Sie beantragen m\u00fcssen. Wir sagen Ihnen auch wo Sie das beantragen m\u00fcssen und welche Schritte noch zu tun sind.<\/p>\n<p>[\/et_pb_text][et_pb_text _builder_version=&#8220;4.21.0&#8243; _module_preset=&#8220;default&#8220; global_colors_info=&#8220;{}&#8220;]<\/p>\n<h2><span style=\"color: #666666;\">Terminvereinbarung: 069 \/ 38 07 95 402<\/span><\/h2>\n<p>[\/et_pb_text][et_pb_button button_url=&#8220;@ET-DC@eyJkeW5hbWljIjp0cnVlLCJjb250ZW50IjoicG9zdF9saW5rX3VybF9wYWdlIiwic2V0dGluZ3MiOnsicG9zdF9pZCI6IjM2MCJ9fQ==@&#8220; button_text=&#8220;Zu der Leistungs\u00fcbersicht&#8220; _builder_version=&#8220;4.21.0&#8243; _dynamic_attributes=&#8220;button_url&#8220; _module_preset=&#8220;default&#8220; custom_button=&#8220;on&#8220; button_text_color=&#8220;#ffffff&#8220; button_bg_color=&#8220;#66ccff&#8220; button_border_width=&#8220;0px&#8220; button_border_color=&#8220;#ffffff&#8220; button_border_radius=&#8220;100px&#8220; button_font=&#8220;|600|||||||&#8220; custom_padding=&#8220;0.5em|1.5em|0.5em|1.5em|true|true&#8220; global_module=&#8220;517&#8243; global_colors_info=&#8220;{}&#8220;][\/et_pb_button][\/et_pb_column][\/et_pb_row][\/et_pb_section]<\/p>\n","protected":false},"excerpt":{"rendered":"<p>Grundpflege SGB XILeistungen der Grundpflege nach SGB XIBehandlungspflege bezeichnet Hilfeleistungen, welche zu der Behandlung der Krankheit vom Arzt verordnet, aber von ihm selbst nicht erbracht werden. Ern\u00e4hrung: Nahrungs- und Fl\u00fcssigkeitszufuhr, sowie Hilfe bei der Ern\u00e4hrung \u00fcber eine Magensonde oder endoskopische Gastrostomie, kurz PEG oder Jejunostomie. K\u00f6rperpflege: Baden, Duschen oder Waschen. Au\u00dferdem Mundpflege, Zahnpflege, Lippenpflege und [&hellip;]<\/p>\n","protected":false},"author":1,"featured_media":0,"parent":0,"menu_order":0,"comment_status":"closed","ping_status":"closed","template":"","meta":{"_et_pb_use_builder":"on","_et_pb_old_content":"","_et_gb_content_width":"","footnotes":""},"class_list":["post-262","page","type-page","status-publish","hentry"],"_links":{"self":[{"href":"https:\/\/pflege-maya.de\/index.php?rest_route=\/wp\/v2\/pages\/262","targetHints":{"allow":["GET"]}}],"collection":[{"href":"https:\/\/pflege-maya.de\/index.php?rest_route=\/wp\/v2\/pages"}],"about":[{"href":"https:\/\/pflege-maya.de\/index.php?rest_route=\/wp\/v2\/types\/page"}],"author":[{"embeddable":true,"href":"https:\/\/pflege-maya.de\/index.php?rest_route=\/wp\/v2\/users\/1"}],"replies":[{"embeddable":true,"href":"https:\/\/pflege-maya.de\/index.php?rest_route=%2Fwp%2Fv2%2Fcomments&post=262"}],"version-history":[{"count":27,"href":"https:\/\/pflege-maya.de\/index.php?rest_route=\/wp\/v2\/pages\/262\/revisions"}],"predecessor-version":[{"id":660,"href":"https:\/\/pflege-maya.de\/index.php?rest_route=\/wp\/v2\/pages\/262\/revisions\/660"}],"wp:attachment":[{"href":"https:\/\/pflege-maya.de\/index.php?rest_route=%2Fwp%2Fv2%2Fmedia&parent=262"}],"curies":[{"name":"wp","href":"https:\/\/api.w.org\/{rel}","templated":true}]}}